{"id":130,"date":"2023-10-06T16:31:31","date_gmt":"2023-10-06T16:31:31","guid":{"rendered":"https:\/\/alojamientoandalucia.es\/?page_id=130"},"modified":"2026-02-04T12:08:54","modified_gmt":"2026-02-04T12:08:54","slug":"informacion","status":"publish","type":"page","link":"https:\/\/alojamientoandalucia.es\/en\/informacion\/","title":{"rendered":"informacion"},"content":{"rendered":"<div data-elementor-type=\"wp-page\" data-elementor-id=\"130\" class=\"elementor elementor-130\">\n\t\t\t\t<div class=\"elementor-element elementor-element-a861a74 e-flex e-con-boxed elementor-invisible e-con e-parent\" data-id=\"a861a74\" data-element_type=\"container\" data-e-type=\"container\" data-settings=\"{&quot;animation&quot;:&quot;fadeIn&quot;}\">\n\t\t\t\t\t<div class=\"e-con-inner\">\n\t\t\t\t<div class=\"elementor-element elementor-element-c629003 elementor-widget elementor-widget-heading\" data-id=\"c629003\" data-element_type=\"widget\" data-e-type=\"widget\" data-widget_type=\"heading.default\">\n\t\t\t\t<div class=\"elementor-widget-container\">\n\t\t\t\t\t<h2 class=\"elementor-heading-title elementor-size-default\">Information<\/h2>\t\t\t\t<\/div>\n\t\t\t\t<\/div>\n\t\t\t\t\t<\/div>\n\t\t\t\t<\/div>\n\t\t<div class=\"elementor-element elementor-element-c63de8e e-flex e-con-boxed e-con e-parent\" data-id=\"c63de8e\" data-element_type=\"container\" data-e-type=\"container\">\n\t\t\t\t\t<div class=\"e-con-inner\">\n\t\t\t\t<div class=\"elementor-element elementor-element-f04be32 elementor-widget elementor-widget-spacer\" data-id=\"f04be32\" data-element_type=\"widget\" data-e-type=\"widget\" data-widget_type=\"spacer.default\">\n\t\t\t\t<div class=\"elementor-widget-container\">\n\t\t\t\t\t\t\t<div class=\"elementor-spacer\">\n\t\t\t<div class=\"elementor-spacer-inner\"><\/div>\n\t\t<\/div>\n\t\t\t\t\t\t<\/div>\n\t\t\t\t<\/div>\n\t\t\t\t\t<\/div>\n\t\t\t\t<\/div>\n\t\t<div class=\"elementor-element elementor-element-5e69346 e-flex e-con-boxed elementor-invisible e-con e-parent\" data-id=\"5e69346\" data-element_type=\"container\" data-e-type=\"container\" data-settings=\"{&quot;animation&quot;:&quot;fadeIn&quot;}\">\n\t\t\t\t\t<div class=\"e-con-inner\">\n\t\t<div class=\"elementor-element elementor-element-cdf5b33 e-con-full e-flex e-con e-child\" data-id=\"cdf5b33\" data-element_type=\"container\" data-e-type=\"container\">\n\t\t\t\t<div class=\"elementor-element elementor-element-4b2f4de elementor-widget elementor-widget-image\" data-id=\"4b2f4de\" data-element_type=\"widget\" data-e-type=\"widget\" data-widget_type=\"image.default\">\n\t\t\t\t<div class=\"elementor-widget-container\">\n\t\t\t\t\t\t\t\t\t\t\t\t\t\t\t<img fetchpriority=\"high\" decoding=\"async\" width=\"1024\" height=\"319\" src=\"https:\/\/alojamientoandalucia.es\/wp-content\/uploads\/2026\/02\/Instagram-Stickers-White_RA-2026-1024x319.png\" class=\"attachment-large size-large wp-image-211\" alt=\"\" srcset=\"https:\/\/alojamientoandalucia.es\/wp-content\/uploads\/2026\/02\/Instagram-Stickers-White_RA-2026-1024x319.png 1024w, https:\/\/alojamientoandalucia.es\/wp-content\/uploads\/2026\/02\/Instagram-Stickers-White_RA-2026-300x94.png 300w, https:\/\/alojamientoandalucia.es\/wp-content\/uploads\/2026\/02\/Instagram-Stickers-White_RA-2026-768x239.png 768w, https:\/\/alojamientoandalucia.es\/wp-content\/uploads\/2026\/02\/Instagram-Stickers-White_RA-2026-1536x479.png 1536w, https:\/\/alojamientoandalucia.es\/wp-content\/uploads\/2026\/02\/Instagram-Stickers-White_RA-2026-18x6.png 18w, https:\/\/alojamientoandalucia.es\/wp-content\/uploads\/2026\/02\/Instagram-Stickers-White_RA-2026.png 1761w\" sizes=\"(max-width: 1024px) 100vw, 1024px\" \/>\t\t\t\t\t\t\t\t\t\t\t\t\t\t\t<\/div>\n\t\t\t\t<\/div>\n\t\t\t\t<div class=\"elementor-element elementor-element-253e5a3 elementor-widget__width-initial elementor-widget elementor-widget-text-editor\" data-id=\"253e5a3\" data-element_type=\"widget\" data-e-type=\"widget\" data-widget_type=\"text-editor.default\">\n\t\t\t\t<div class=\"elementor-widget-container\">\n\t\t\t\t\t\t\t\t\t<p><b>Gracias a las valoraciones de nuestros clientes hemos recibido el galard\u00f3n de booking y nos situa con una puntuaci\u00f3n media del 9.1 en el \u00faltimo a\u00f1o.<\/b><\/p><p><b>Situado<\/b> a s\u00f3lo 50 metros del conjunto hist\u00f3rico de C\u00f3rdoba y a unos 400m de la Mezquita, ver\u00e1s desde la misma puerta la imagen m\u00e1s ic\u00f3nica de la ciudad que es el Puente Romano con la Mezquita al fondo y La Torre de La Calahorra en frente.<\/p><p>Podr\u00e1s acceder a la calle del alojamiento si vienes con tu veh\u00edculo, sin zonas restringidas para el tr\u00e1fico (excepto feria que es la \u00faltima semana de mayo y mercado medieval que es el \u00faltimo fin de semana de enero) y podr\u00e1s aparcar muy cerca probablemente, en algunas ocasiones en la misma puerta.<\/p><p>You will arrive walking across the Roman bridge to the Jewish Quarter and you will be able to see the famous patios and captivating streets such as Calleja de Las Flores and Calle del Pa\u00f1uelo.<\/p><p>The Alc\u00e1zar of the Christian Kings (located about 600m from the Andalusia Accommodation), where Columbus had a meeting with Kings Isabella and Ferdinand in 1486 in which he proposed that they finance their trip to the Indies, there is inside a monument that represents that moment.<\/p><p><b>Equipamiento<\/b>: el piso est\u00e1 completamente equipado con aires acondicionados y calefacci\u00f3n en todas las habitaciones y en el sal\u00f3n. Cuenta con una cocina completa con lavadora, microondas, cafetera de c\u00e1psulas e italiana, tostador, calentador de agua, batidora&#8230; adem\u00e1s contamos con dos ba\u00f1os, lo que hace que sea m\u00e1s c\u00f3modo para nuestros hu\u00e9spedes, estando separados por zonas.<\/p><p><b>F\u00e1cil aparcamiento<\/b>: El barrio de Miraflores, situado al otro lado del r\u00edo del barrio de La Juder\u00eda y Mezquita, es la mejor zona de aparcamiento de C\u00f3rdoba, sin \u00e1reas restringidas al tr\u00e1fico y sin zona azul, donde podr\u00e1s aparcar f\u00e1cilmente y totalmente gratis.<\/p>\t\t\t\t\t\t\t\t<\/div>\n\t\t\t\t<\/div>\n\t\t\t\t<div class=\"elementor-element elementor-element-7a38340 elementor-widget elementor-widget-spacer\" data-id=\"7a38340\" data-element_type=\"widget\" data-e-type=\"widget\" data-widget_type=\"spacer.default\">\n\t\t\t\t<div class=\"elementor-widget-container\">\n\t\t\t\t\t\t\t<div class=\"elementor-spacer\">\n\t\t\t<div class=\"elementor-spacer-inner\"><\/div>\n\t\t<\/div>\n\t\t\t\t\t\t<\/div>\n\t\t\t\t<\/div>\n\t\t\t\t<\/div>\n\t\t<div class=\"elementor-element elementor-element-9ebeb01 e-con-full e-flex e-con e-child\" data-id=\"9ebeb01\" data-element_type=\"container\" data-e-type=\"container\">\n\t\t<div class=\"elementor-element elementor-element-73f7ff3 e-flex e-con-boxed e-con e-child\" data-id=\"73f7ff3\" data-element_type=\"container\" data-e-type=\"container\">\n\t\t\t\t\t<div class=\"e-con-inner\">\n\t\t\t\t<div class=\"elementor-element elementor-element-89c78c3 elementor-widget elementor-widget-image\" data-id=\"89c78c3\" data-element_type=\"widget\" data-e-type=\"widget\" data-widget_type=\"image.default\">\n\t\t\t\t<div class=\"elementor-widget-container\">\n\t\t\t\t\t\t\t\t\t\t\t\t\t\t\t<img decoding=\"async\" width=\"1920\" height=\"2560\" src=\"https:\/\/alojamientoandalucia.es\/wp-content\/uploads\/2023\/10\/20200501_120606-scaled.jpg\" class=\"attachment-full size-full wp-image-168\" alt=\"\" srcset=\"https:\/\/alojamientoandalucia.es\/wp-content\/uploads\/2023\/10\/20200501_120606-scaled.jpg 1920w, https:\/\/alojamientoandalucia.es\/wp-content\/uploads\/2023\/10\/20200501_120606-225x300.jpg 225w, https:\/\/alojamientoandalucia.es\/wp-content\/uploads\/2023\/10\/20200501_120606-768x1024.jpg 768w, https:\/\/alojamientoandalucia.es\/wp-content\/uploads\/2023\/10\/20200501_120606-1152x1536.jpg 1152w, https:\/\/alojamientoandalucia.es\/wp-content\/uploads\/2023\/10\/20200501_120606-1536x2048.jpg 1536w, https:\/\/alojamientoandalucia.es\/wp-content\/uploads\/2023\/10\/20200501_120606-9x12.jpg 9w\" sizes=\"(max-width: 1920px) 100vw, 1920px\" \/>\t\t\t\t\t\t\t\t\t\t\t\t\t\t\t<\/div>\n\t\t\t\t<\/div>\n\t\t\t\t\t<\/div>\n\t\t\t\t<\/div>\n\t\t\t\t<\/div>\n\t\t\t\t\t<\/div>\n\t\t\t\t<\/div>\n\t\t\t\t<\/div>","protected":false},"excerpt":{"rendered":"<p>Informaci\u00f3n Gracias a las valoraciones de nuestros clientes hemos recibido el galard\u00f3n de booking y nos situa con una puntuaci\u00f3n media del 9.1 en el \u00faltimo a\u00f1o. Situado a s\u00f3lo 50 metros del conjunto hist\u00f3rico de C\u00f3rdoba y a unos 400m de la Mezquita, ver\u00e1s desde la misma puerta la imagen m\u00e1s ic\u00f3nica de la [&hellip;]<\/p>\n","protected":false},"author":1,"featured_media":0,"parent":0,"menu_order":0,"comment_status":"closed","ping_status":"closed","template":"","meta":{"footnotes":""},"class_list":["post-130","page","type-page","status-publish","hentry"],"blocksy_meta":[],"_links":{"self":[{"href":"https:\/\/alojamientoandalucia.es\/en\/wp-json\/wp\/v2\/pages\/130","targetHints":{"allow":["GET"]}}],"collection":[{"href":"https:\/\/alojamientoandalucia.es\/en\/wp-json\/wp\/v2\/pages"}],"about":[{"href":"https:\/\/alojamientoandalucia.es\/en\/wp-json\/wp\/v2\/types\/page"}],"author":[{"embeddable":true,"href":"https:\/\/alojamientoandalucia.es\/en\/wp-json\/wp\/v2\/users\/1"}],"replies":[{"embeddable":true,"href":"https:\/\/alojamientoandalucia.es\/en\/wp-json\/wp\/v2\/comments?post=130"}],"version-history":[{"count":21,"href":"https:\/\/alojamientoandalucia.es\/en\/wp-json\/wp\/v2\/pages\/130\/revisions"}],"predecessor-version":[{"id":218,"href":"https:\/\/alojamientoandalucia.es\/en\/wp-json\/wp\/v2\/pages\/130\/revisions\/218"}],"wp:attachment":[{"href":"https:\/\/alojamientoandalucia.es\/en\/wp-json\/wp\/v2\/media?parent=130"}],"curies":[{"name":"wp","href":"https:\/\/api.w.org\/{rel}","templated":true}]}}